{"id":2,"date":"2023-02-11T10:39:38","date_gmt":"2023-02-11T09:39:38","guid":{"rendered":"http:\/\/jackyrf.cluster031.hosting.ovh.net\/?page_id=2"},"modified":"2023-03-11T08:40:49","modified_gmt":"2023-03-11T07:40:49","slug":"page-d-exemple","status":"publish","type":"page","link":"https:\/\/www.jacky-racing.be\/index.php\/page-d-exemple\/","title":{"rendered":"Merci \u00e0 nos sponsors!"},"content":{"rendered":"\n<blockquote class=\"wp-block-quote is-layout-flow wp-block-quote-is-layout-flow\">\n<p>Que ca soit sur un circuit ou dans les restaurants, Jacky Racing Team est fi\u00e8re de la confiance de ses nombreux sponsors.<\/p>\n<\/blockquote>\n\n\n\n<p>\u00ab Le <strong>sport<\/strong> <strong>m\u00e9canique<\/strong> va chercher la peur pour la dominer, la fatigue pour en triompher, la difficult\u00e9 pour la vaincre. \u00bb<\/p>\n\n\n\n<blockquote class=\"wp-block-quote is-layout-flow wp-block-quote-is-layout-flow\">\n<p>Merci \u00e0 tous nos sponsors, sans eux, Jacky Racing Team n&rsquo;aurait pas pu voir le jour.<\/p>\n<cite><em>La Team Jacky Racing.<\/em><\/cite><\/blockquote>\n\n\n<div class=\"wp-block-image\">\n<figure class=\"aligncenter size-full\"><a href=\"https:\/\/barbecue-jacky.be\/\"><img loading=\"lazy\" decoding=\"async\" width=\"456\" height=\"359\" src=\"http:\/\/jackyrf.cluster031.hosting.ovh.net\/wp-content\/uploads\/2023\/03\/Capture-decran-2023-03-11-a-08.13.15.png\" alt=\"\" class=\"wp-image-424\" srcset=\"http:\/\/jackyrf.cluster031.hosting.ovh.net\/wp-content\/uploads\/2023\/03\/Capture-decran-2023-03-11-a-08.13.15.png 456w, http:\/\/jackyrf.cluster031.hosting.ovh.net\/wp-content\/uploads\/2023\/03\/Capture-decran-2023-03-11-a-08.13.15-300x236.png 300w\" sizes=\"auto, (max-width: 456px) 100vw, 456px\" \/><\/a><figcaption class=\"wp-element-caption\">Le Barbecue de Jacky<\/figcaption><\/figure>\n<\/div>\n\n<div class=\"wp-block-image\">\n<figure class=\"aligncenter size-full\"><a href=\"https:\/\/www.lerendezvousdelea.be\/\"><img loading=\"lazy\" decoding=\"async\" width=\"533\" height=\"320\" src=\"http:\/\/jackyrf.cluster031.hosting.ovh.net\/wp-content\/uploads\/2023\/03\/Capture-decran-2023-03-11-a-08.13.11.png\" alt=\"\" class=\"wp-image-425\" srcset=\"http:\/\/jackyrf.cluster031.hosting.ovh.net\/wp-content\/uploads\/2023\/03\/Capture-decran-2023-03-11-a-08.13.11.png 533w, http:\/\/jackyrf.cluster031.hosting.ovh.net\/wp-content\/uploads\/2023\/03\/Capture-decran-2023-03-11-a-08.13.11-300x180.png 300w\" sizes=\"auto, (max-width: 533px) 100vw, 533px\" \/><\/a><figcaption class=\"wp-element-caption\">Le Rendez-Vous de L\u00e9a, La Table de L\u00e9a &amp; La Brasserie de L\u00e9a<\/figcaption><\/figure>\n<\/div>\n\n<div class=\"wp-block-image\">\n<figure class=\"aligncenter size-full\"><a href=\"https:\/\/www.nordpneus.com\/\"><img loading=\"lazy\" decoding=\"async\" width=\"601\" height=\"308\" src=\"http:\/\/jackyrf.cluster031.hosting.ovh.net\/wp-content\/uploads\/2023\/03\/Capture-decran-2023-03-11-a-08.13.05.png\" alt=\"\" class=\"wp-image-426\" srcset=\"http:\/\/jackyrf.cluster031.hosting.ovh.net\/wp-content\/uploads\/2023\/03\/Capture-decran-2023-03-11-a-08.13.05.png 601w, http:\/\/jackyrf.cluster031.hosting.ovh.net\/wp-content\/uploads\/2023\/03\/Capture-decran-2023-03-11-a-08.13.05-300x154.png 300w\" sizes=\"auto, (max-width: 601px) 100vw, 601px\" \/><\/a><figcaption class=\"wp-element-caption\">Nord Pneus<\/figcaption><\/figure>\n<\/div>\n\n<div class=\"wp-block-image\">\n<figure class=\"aligncenter size-full\"><a href=\"https:\/\/www.toyotires.nl\/fr\/\"><img loading=\"lazy\" decoding=\"async\" width=\"711\" height=\"174\" src=\"http:\/\/jackyrf.cluster031.hosting.ovh.net\/wp-content\/uploads\/2023\/03\/Capture-decran-2023-03-11-a-08.13.20.png\" alt=\"\" class=\"wp-image-423\" srcset=\"http:\/\/jackyrf.cluster031.hosting.ovh.net\/wp-content\/uploads\/2023\/03\/Capture-decran-2023-03-11-a-08.13.20.png 711w, http:\/\/jackyrf.cluster031.hosting.ovh.net\/wp-content\/uploads\/2023\/03\/Capture-decran-2023-03-11-a-08.13.20-300x73.png 300w\" sizes=\"auto, (max-width: 711px) 100vw, 711px\" \/><\/a><figcaption class=\"wp-element-caption\">Toyo Tires<\/figcaption><\/figure>\n<\/div>\n\n<div class=\"wp-block-image\">\n<figure class=\"aligncenter size-full\"><a href=\"https:\/\/www.goodmeat.be\/\"><img loading=\"lazy\" decoding=\"async\" width=\"453\" height=\"291\" src=\"http:\/\/jackyrf.cluster031.hosting.ovh.net\/wp-content\/uploads\/2023\/03\/Capture-decran-2023-03-11-a-08.13.01.png\" alt=\"\" class=\"wp-image-427\" srcset=\"http:\/\/jackyrf.cluster031.hosting.ovh.net\/wp-content\/uploads\/2023\/03\/Capture-decran-2023-03-11-a-08.13.01.png 453w, http:\/\/jackyrf.cluster031.hosting.ovh.net\/wp-content\/uploads\/2023\/03\/Capture-decran-2023-03-11-a-08.13.01-300x193.png 300w\" sizes=\"auto, (max-width: 453px) 100vw, 453px\" \/><\/a><figcaption class=\"wp-element-caption\">Good Meat <\/figcaption><\/figure>\n<\/div>\n\n<div class=\"wp-block-image\">\n<figure class=\"aligncenter size-full\"><a href=\"https:\/\/www.carlsberg.com\/fr-be\/nos-bi%C3%A8res\/00-sans-alcool\/\"><img loading=\"lazy\" decoding=\"async\" width=\"423\" height=\"283\" src=\"http:\/\/jackyrf.cluster031.hosting.ovh.net\/wp-content\/uploads\/2023\/03\/Capture-decran-2023-03-11-a-08.13.26.png\" alt=\"\" class=\"wp-image-422\" srcset=\"http:\/\/jackyrf.cluster031.hosting.ovh.net\/wp-content\/uploads\/2023\/03\/Capture-decran-2023-03-11-a-08.13.26.png 423w, http:\/\/jackyrf.cluster031.hosting.ovh.net\/wp-content\/uploads\/2023\/03\/Capture-decran-2023-03-11-a-08.13.26-300x201.png 300w\" sizes=\"auto, (max-width: 423px) 100vw, 423px\" \/><\/a><figcaption class=\"wp-element-caption\">Carlsberg 0.0<\/figcaption><\/figure>\n<\/div>\n\n<div class=\"wp-block-image\">\n<figure class=\"aligncenter size-full\"><a href=\"https:\/\/www.best-value.be\/\"><img loading=\"lazy\" decoding=\"async\" width=\"437\" height=\"307\" src=\"http:\/\/jackyrf.cluster031.hosting.ovh.net\/wp-content\/uploads\/2023\/03\/Capture-decran-2023-03-11-a-08.13.30.png\" alt=\"\" class=\"wp-image-421\" srcset=\"http:\/\/jackyrf.cluster031.hosting.ovh.net\/wp-content\/uploads\/2023\/03\/Capture-decran-2023-03-11-a-08.13.30.png 437w, http:\/\/jackyrf.cluster031.hosting.ovh.net\/wp-content\/uploads\/2023\/03\/Capture-decran-2023-03-11-a-08.13.30-300x211.png 300w\" sizes=\"auto, (max-width: 437px) 100vw, 437px\" \/><\/a><figcaption class=\"wp-element-caption\">Best Value M&amp;A Advisor<\/figcaption><\/figure>\n<\/div>\n\n<div class=\"wp-block-image\">\n<figure class=\"aligncenter size-full is-resized\"><a href=\"https:\/\/aromafood.be\/\"><img loading=\"lazy\" decoding=\"async\" src=\"http:\/\/jackyrf.cluster031.hosting.ovh.net\/wp-content\/uploads\/2023\/03\/Capture-decran-2023-03-11-a-08.11.28.png\" alt=\"\" class=\"wp-image-429\" width=\"466\" height=\"262\" srcset=\"http:\/\/jackyrf.cluster031.hosting.ovh.net\/wp-content\/uploads\/2023\/03\/Capture-decran-2023-03-11-a-08.11.28.png 851w, http:\/\/jackyrf.cluster031.hosting.ovh.net\/wp-content\/uploads\/2023\/03\/Capture-decran-2023-03-11-a-08.11.28-300x169.png 300w, http:\/\/jackyrf.cluster031.hosting.ovh.net\/wp-content\/uploads\/2023\/03\/Capture-decran-2023-03-11-a-08.11.28-768x431.png 768w\" sizes=\"auto, (max-width: 466px) 100vw, 466px\" \/><\/a><figcaption class=\"wp-element-caption\">Ar\u00f4ma<\/figcaption><\/figure>\n<\/div>\n\n<div class=\"wp-block-image\">\n<figure class=\"aligncenter size-full is-resized\"><a href=\"https:\/\/www.belfius.be\"><img loading=\"lazy\" decoding=\"async\" src=\"http:\/\/jackyrf.cluster031.hosting.ovh.net\/wp-content\/uploads\/2023\/03\/Capture-decran-2023-03-11-a-08.10.19.png\" alt=\"\" class=\"wp-image-430\" width=\"593\" height=\"254\" srcset=\"http:\/\/jackyrf.cluster031.hosting.ovh.net\/wp-content\/uploads\/2023\/03\/Capture-decran-2023-03-11-a-08.10.19.png 838w, http:\/\/jackyrf.cluster031.hosting.ovh.net\/wp-content\/uploads\/2023\/03\/Capture-decran-2023-03-11-a-08.10.19-300x129.png 300w, http:\/\/jackyrf.cluster031.hosting.ovh.net\/wp-content\/uploads\/2023\/03\/Capture-decran-2023-03-11-a-08.10.19-768x329.png 768w\" sizes=\"auto, (max-width: 593px) 100vw, 593px\" \/><\/a><figcaption class=\"wp-element-caption\">Belfius Li\u00e8ge Cit\u00e9 Ardente<\/figcaption><\/figure>\n<\/div>\n\n<div class=\"wp-block-image\">\n<figure class=\"aligncenter size-full is-resized\"><a href=\"https:\/\/charles-liegeois.com\/\"><img loading=\"lazy\" decoding=\"async\" src=\"http:\/\/jackyrf.cluster031.hosting.ovh.net\/wp-content\/uploads\/2023\/03\/Capture-decran-2023-03-11-a-08.09.59.png\" alt=\"\" class=\"wp-image-431\" width=\"275\" height=\"334\" srcset=\"http:\/\/jackyrf.cluster031.hosting.ovh.net\/wp-content\/uploads\/2023\/03\/Capture-decran-2023-03-11-a-08.09.59.png 420w, http:\/\/jackyrf.cluster031.hosting.ovh.net\/wp-content\/uploads\/2023\/03\/Capture-decran-2023-03-11-a-08.09.59-247x300.png 247w\" sizes=\"auto, (max-width: 275px) 100vw, 275px\" \/><\/a><figcaption class=\"wp-element-caption\">Charles Li\u00e9geois<\/figcaption><\/figure>\n<\/div>","protected":false},"excerpt":{"rendered":"<p>Que ca soit sur un circuit ou dans les restaurants, Jacky Racing Team est fi\u00e8re de la confiance de ses nombreux sponsors. \u00ab Le sport m\u00e9canique va chercher la peur pour la dominer, la fatigue pour en triompher, la difficult\u00e9 pour la vaincre. \u00bb Merci \u00e0 tous nos sponsors, sans eux, Jacky Racing Team n&rsquo;aurait&hellip;&nbsp;<a href=\"https:\/\/www.jacky-racing.be\/index.php\/page-d-exemple\/\" class=\"\" rel=\"bookmark\">Lire la suite &raquo;<span class=\"screen-reader-text\">Merci \u00e0 nos sponsors!<\/span><\/a><\/p>\n","protected":false},"author":1,"featured_media":0,"parent":0,"menu_order":0,"comment_status":"closed","ping_status":"open","template":"","meta":{"neve_meta_sidebar":"","neve_meta_container":"","neve_meta_enable_content_width":"","neve_meta_content_width":0,"neve_meta_title_alignment":"","neve_meta_author_avatar":"","neve_post_elements_order":"","neve_meta_disable_header":"","neve_meta_disable_footer":"","neve_meta_disable_title":"","_themeisle_gutenberg_block_has_review":false,"_ti_tpc_template_sync":false,"_ti_tpc_template_id":"","footnotes":""},"class_list":["post-2","page","type-page","status-publish","hentry"],"yoast_head":"<!-- This site is optimized with the Yoast SEO plugin v20.2.1 - https:\/\/yoast.com\/wordpress\/plugins\/seo\/ -->\n<title>Merci \u00e0 nos sponsors! - Jacky Racing Team<\/title>\n<meta name=\"robots\" content=\"index, follow, max-snippet:-1, max-image-preview:large, max-video-preview:-1\" \/>\n<link rel=\"canonical\" href=\"https:\/\/www.jacky-racing.be\/index.php\/page-d-exemple\/\" \/>\n<meta property=\"og:locale\" content=\"fr_FR\" \/>\n<meta property=\"og:type\" content=\"article\" \/>\n<meta property=\"og:title\" content=\"Merci \u00e0 nos sponsors! - Jacky Racing Team\" \/>\n<meta property=\"og:description\" content=\"Que ca soit sur un circuit ou dans les restaurants, Jacky Racing Team est fi\u00e8re de la confiance de ses nombreux sponsors. \u00ab Le sport m\u00e9canique va chercher la peur pour la dominer, la fatigue pour en triompher, la difficult\u00e9 pour la vaincre. \u00bb Merci \u00e0 tous nos sponsors, sans eux, Jacky Racing Team n&rsquo;aurait&hellip;&nbsp;Lire la suite &raquo;Merci \u00e0 nos sponsors!\" \/>\n<meta property=\"og:url\" content=\"https:\/\/www.jacky-racing.be\/index.php\/page-d-exemple\/\" \/>\n<meta property=\"og:site_name\" content=\"Jacky Racing Team\" \/>\n<meta property=\"article:modified_time\" content=\"2023-03-11T07:40:49+00:00\" \/>\n<meta property=\"og:image\" content=\"http:\/\/jackyrf.cluster031.hosting.ovh.net\/wp-content\/uploads\/2023\/03\/Capture-decran-2023-03-11-a-08.13.15.png\" \/>\n<meta name=\"twitter:card\" content=\"summary_large_image\" \/>\n<meta name=\"twitter:label1\" content=\"Dur\u00e9e de lecture estim\u00e9e\" \/>\n\t<meta name=\"twitter:data1\" content=\"1 minute\" \/>\n<script type=\"application\/ld+json\" class=\"yoast-schema-graph\">{\"@context\":\"https:\/\/schema.org\",\"@graph\":[{\"@type\":\"WebPage\",\"@id\":\"https:\/\/www.jacky-racing.be\/index.php\/page-d-exemple\/\",\"url\":\"https:\/\/www.jacky-racing.be\/index.php\/page-d-exemple\/\",\"name\":\"Merci \u00e0 nos sponsors! - Jacky Racing Team\",\"isPartOf\":{\"@id\":\"https:\/\/www.jacky-racing.be\/#website\"},\"datePublished\":\"2023-02-11T09:39:38+00:00\",\"dateModified\":\"2023-03-11T07:40:49+00:00\",\"breadcrumb\":{\"@id\":\"https:\/\/www.jacky-racing.be\/index.php\/page-d-exemple\/#breadcrumb\"},\"inLanguage\":\"fr-FR\",\"potentialAction\":[{\"@type\":\"ReadAction\",\"target\":[\"https:\/\/www.jacky-racing.be\/index.php\/page-d-exemple\/\"]}]},{\"@type\":\"BreadcrumbList\",\"@id\":\"https:\/\/www.jacky-racing.be\/index.php\/page-d-exemple\/#breadcrumb\",\"itemListElement\":[{\"@type\":\"ListItem\",\"position\":1,\"name\":\"Accueil\",\"item\":\"https:\/\/www.jacky-racing.be\/\"},{\"@type\":\"ListItem\",\"position\":2,\"name\":\"Merci \u00e0 nos sponsors!\"}]},{\"@type\":\"WebSite\",\"@id\":\"https:\/\/www.jacky-racing.be\/#website\",\"url\":\"https:\/\/www.jacky-racing.be\/\",\"name\":\"Jacky Racing Team\",\"description\":\"From kitchen grills to race grids\",\"publisher\":{\"@id\":\"https:\/\/www.jacky-racing.be\/#organization\"},\"potentialAction\":[{\"@type\":\"SearchAction\",\"target\":{\"@type\":\"EntryPoint\",\"urlTemplate\":\"https:\/\/www.jacky-racing.be\/?s={search_term_string}\"},\"query-input\":\"required name=search_term_string\"}],\"inLanguage\":\"fr-FR\"},{\"@type\":\"Organization\",\"@id\":\"https:\/\/www.jacky-racing.be\/#organization\",\"name\":\"Jacky Racing Team\",\"url\":\"https:\/\/www.jacky-racing.be\/\",\"logo\":{\"@type\":\"ImageObject\",\"inLanguage\":\"fr-FR\",\"@id\":\"https:\/\/www.jacky-racing.be\/#\/schema\/logo\/image\/\",\"url\":\"https:\/\/jackyrf.cluster031.hosting.ovh.net\/wp-content\/uploads\/2023\/02\/JRT-2-1.png\",\"contentUrl\":\"https:\/\/jackyrf.cluster031.hosting.ovh.net\/wp-content\/uploads\/2023\/02\/JRT-2-1.png\",\"width\":5906,\"height\":5906,\"caption\":\"Jacky Racing Team\"},\"image\":{\"@id\":\"https:\/\/www.jacky-racing.be\/#\/schema\/logo\/image\/\"}}]}<\/script>\n<!-- \/ Yoast SEO plugin. -->","yoast_head_json":{"title":"Merci \u00e0 nos sponsors! - Jacky Racing Team","robots":{"index":"index","follow":"follow","max-snippet":"max-snippet:-1","max-image-preview":"max-image-preview:large","max-video-preview":"max-video-preview:-1"},"canonical":"https:\/\/www.jacky-racing.be\/index.php\/page-d-exemple\/","og_locale":"fr_FR","og_type":"article","og_title":"Merci \u00e0 nos sponsors! - Jacky Racing Team","og_description":"Que ca soit sur un circuit ou dans les restaurants, Jacky Racing Team est fi\u00e8re de la confiance de ses nombreux sponsors. \u00ab Le sport m\u00e9canique va chercher la peur pour la dominer, la fatigue pour en triompher, la difficult\u00e9 pour la vaincre. \u00bb Merci \u00e0 tous nos sponsors, sans eux, Jacky Racing Team n&rsquo;aurait&hellip;&nbsp;Lire la suite &raquo;Merci \u00e0 nos sponsors!","og_url":"https:\/\/www.jacky-racing.be\/index.php\/page-d-exemple\/","og_site_name":"Jacky Racing Team","article_modified_time":"2023-03-11T07:40:49+00:00","og_image":[{"url":"http:\/\/jackyrf.cluster031.hosting.ovh.net\/wp-content\/uploads\/2023\/03\/Capture-decran-2023-03-11-a-08.13.15.png"}],"twitter_card":"summary_large_image","twitter_misc":{"Dur\u00e9e de lecture estim\u00e9e":"1 minute"},"schema":{"@context":"https:\/\/schema.org","@graph":[{"@type":"WebPage","@id":"https:\/\/www.jacky-racing.be\/index.php\/page-d-exemple\/","url":"https:\/\/www.jacky-racing.be\/index.php\/page-d-exemple\/","name":"Merci \u00e0 nos sponsors! - Jacky Racing Team","isPartOf":{"@id":"https:\/\/www.jacky-racing.be\/#website"},"datePublished":"2023-02-11T09:39:38+00:00","dateModified":"2023-03-11T07:40:49+00:00","breadcrumb":{"@id":"https:\/\/www.jacky-racing.be\/index.php\/page-d-exemple\/#breadcrumb"},"inLanguage":"fr-FR","potentialAction":[{"@type":"ReadAction","target":["https:\/\/www.jacky-racing.be\/index.php\/page-d-exemple\/"]}]},{"@type":"BreadcrumbList","@id":"https:\/\/www.jacky-racing.be\/index.php\/page-d-exemple\/#breadcrumb","itemListElement":[{"@type":"ListItem","position":1,"name":"Accueil","item":"https:\/\/www.jacky-racing.be\/"},{"@type":"ListItem","position":2,"name":"Merci \u00e0 nos sponsors!"}]},{"@type":"WebSite","@id":"https:\/\/www.jacky-racing.be\/#website","url":"https:\/\/www.jacky-racing.be\/","name":"Jacky Racing Team","description":"From kitchen grills to race grids","publisher":{"@id":"https:\/\/www.jacky-racing.be\/#organization"},"potentialAction":[{"@type":"SearchAction","target":{"@type":"EntryPoint","urlTemplate":"https:\/\/www.jacky-racing.be\/?s={search_term_string}"},"query-input":"required name=search_term_string"}],"inLanguage":"fr-FR"},{"@type":"Organization","@id":"https:\/\/www.jacky-racing.be\/#organization","name":"Jacky Racing Team","url":"https:\/\/www.jacky-racing.be\/","logo":{"@type":"ImageObject","inLanguage":"fr-FR","@id":"https:\/\/www.jacky-racing.be\/#\/schema\/logo\/image\/","url":"https:\/\/jackyrf.cluster031.hosting.ovh.net\/wp-content\/uploads\/2023\/02\/JRT-2-1.png","contentUrl":"https:\/\/jackyrf.cluster031.hosting.ovh.net\/wp-content\/uploads\/2023\/02\/JRT-2-1.png","width":5906,"height":5906,"caption":"Jacky Racing Team"},"image":{"@id":"https:\/\/www.jacky-racing.be\/#\/schema\/logo\/image\/"}}]}},"_links":{"self":[{"href":"https:\/\/www.jacky-racing.be\/index.php\/wp-json\/wp\/v2\/pages\/2","targetHints":{"allow":["GET"]}}],"collection":[{"href":"https:\/\/www.jacky-racing.be\/index.php\/wp-json\/wp\/v2\/pages"}],"about":[{"href":"https:\/\/www.jacky-racing.be\/index.php\/wp-json\/wp\/v2\/types\/page"}],"author":[{"embeddable":true,"href":"https:\/\/www.jacky-racing.be\/index.php\/wp-json\/wp\/v2\/users\/1"}],"replies":[{"embeddable":true,"href":"https:\/\/www.jacky-racing.be\/index.php\/wp-json\/wp\/v2\/comments?post=2"}],"version-history":[{"count":8,"href":"https:\/\/www.jacky-racing.be\/index.php\/wp-json\/wp\/v2\/pages\/2\/revisions"}],"predecessor-version":[{"id":446,"href":"https:\/\/www.jacky-racing.be\/index.php\/wp-json\/wp\/v2\/pages\/2\/revisions\/446"}],"wp:attachment":[{"href":"https:\/\/www.jacky-racing.be\/index.php\/wp-json\/wp\/v2\/media?parent=2"}],"curies":[{"name":"wp","href":"https:\/\/api.w.org\/{rel}","templated":true}]}}